{"id":10727,"date":"2020-06-25T10:34:18","date_gmt":"2020-06-25T10:34:18","guid":{"rendered":"https:\/\/allame.net\/nuestros-socios-comerciales\/"},"modified":"2025-02-07T09:52:53","modified_gmt":"2025-02-07T09:52:53","slug":"nuestros-socios-comerciales","status":"publish","type":"page","link":"https:\/\/allame.net\/es\/nuestros-socios-comerciales\/","title":{"rendered":"Nuestros socios comerciales"},"content":{"rendered":"\t\t<div data-elementor-type=\"wp-page\" data-elementor-id=\"10727\" class=\"elementor elementor-10727 elementor-6901\">\n\t\t\t\t\t\t<section class=\"elementor-section elementor-top-section elementor-element elementor-element-74965281 elementor-section-boxed elementor-section-height-default elementor-section-height-default\" data-id=\"74965281\" data-element_type=\"section\" data-settings=\"{&quot;background_background&quot;:&quot;classic&quot;}\">\n\t\t\t\t\t\t<div class=\"elementor-container elementor-column-gap-default\">\n\t\t\t\t\t<div class=\"elementor-column elementor-col-100 elementor-top-column elementor-element elementor-element-1b2a17c6\" data-id=\"1b2a17c6\" data-element_type=\"column\">\n\t\t\t<div class=\"elementor-widget-wrap elementor-element-populated\">\n\t\t\t\t\t\t<div class=\"elementor-element elementor-element-4063177 elementor-widget elementor-widget-image\" data-id=\"4063177\" data-element_type=\"widget\" data-widget_type=\"image.default\">\n\t\t\t\t<div class=\"elementor-widget-container\">\n\t\t\t\t\t\t\t\t\t\t\t\t\t\t\t<img fetchpriority=\"high\" decoding=\"async\" width=\"910\" height=\"402\" src=\"https:\/\/allame.net\/wp-content\/uploads\/2024\/12\/allame-is-ortaklarimiz.webp\" class=\"attachment-large size-large wp-image-9372\" alt=\"\" srcset=\"https:\/\/allame.net\/wp-content\/uploads\/2024\/12\/allame-is-ortaklarimiz.webp 910w, https:\/\/allame.net\/wp-content\/uploads\/2024\/12\/allame-is-ortaklarimiz-300x133.webp 300w, https:\/\/allame.net\/wp-content\/uploads\/2024\/12\/allame-is-ortaklarimiz-768x339.webp 768w, https:\/\/allame.net\/wp-content\/uploads\/2024\/12\/allame-is-ortaklarimiz-900x398.webp 900w\" sizes=\"(max-width: 910px) 100vw, 910px\" \/>\t\t\t\t\t\t\t\t\t\t\t\t\t\t\t<\/div>\n\t\t\t\t<\/div>\n\t\t\t\t<div class=\"elementor-element elementor-element-e17b375 elementor-widget elementor-widget-stm_partner\" data-id=\"e17b375\" data-element_type=\"widget\" data-widget_type=\"stm_partner.default\">\n\t\t\t\t<div class=\"elementor-widget-container\">\n\t\t\t\t\t<div class=\"stm_partner consulting_elementor_partner style_2\">\n            <div class=\"image\">\n            <img decoding=\"async\" class=\"\" src=\"https:\/\/allame.net\/wp-content\/uploads\/2020\/06\/telekom.jpg\" width=\"350\" height=\"204\" alt=\"telekom\" title=\"telekom\" \/>        <\/div>\n        <div class=\"stm_partner_content\">\n                                                                        <h4 class=\"no_stripe\"><a href=\"https:\/\/www.turktelekom.com.tr\" target=\"_self\">T\u00fcrk Telekom<\/a><\/h4>\n                                                                <div class=\"description\">www.turktelekom.com.tr<\/div>\n                    <\/div>\n<\/div>\t\t\t\t<\/div>\n\t\t\t\t<\/div>\n\t\t\t\t<div class=\"elementor-element elementor-element-b8167ce elementor-widget elementor-widget-stm_partner\" data-id=\"b8167ce\" data-element_type=\"widget\" data-widget_type=\"stm_partner.default\">\n\t\t\t\t<div class=\"elementor-widget-container\">\n\t\t\t\t\t<div class=\"stm_partner consulting_elementor_partner style_2\">\n            <div class=\"image\">\n            <img decoding=\"async\" class=\"\" src=\"https:\/\/allame.net\/wp-content\/uploads\/2020\/06\/kohlerr.jpg\" width=\"350\" height=\"204\" alt=\"kohlerr\" title=\"kohlerr\" \/>        <\/div>\n        <div class=\"stm_partner_content\">\n                                                        <h4 class=\"no_stripe\">KOHLER<\/h4>\n                                                                <div class=\"description\">www.kohlercompany.com<\/div>\n                    <\/div>\n<\/div>\t\t\t\t<\/div>\n\t\t\t\t<\/div>\n\t\t\t\t<div class=\"elementor-element elementor-element-7e1fc54 elementor-widget elementor-widget-stm_partner\" data-id=\"7e1fc54\" data-element_type=\"widget\" data-widget_type=\"stm_partner.default\">\n\t\t\t\t<div class=\"elementor-widget-container\">\n\t\t\t\t\t<div class=\"stm_partner consulting_elementor_partner style_2\">\n            <div class=\"image\">\n            <img loading=\"lazy\" decoding=\"async\" class=\"\" src=\"https:\/\/allame.net\/wp-content\/uploads\/2020\/06\/honda.jpg\" width=\"350\" height=\"204\" alt=\"honda\" title=\"honda\" \/>        <\/div>\n        <div class=\"stm_partner_content\">\n                                                        <h4 class=\"no_stripe\">HONDA ENGINES<\/h4>\n                                                                <div class=\"description\">engines.honda.com<\/div>\n                    <\/div>\n<\/div>\t\t\t\t<\/div>\n\t\t\t\t<\/div>\n\t\t\t\t<div class=\"elementor-element elementor-element-744e95b elementor-widget elementor-widget-stm_partner\" data-id=\"744e95b\" data-element_type=\"widget\" data-widget_type=\"stm_partner.default\">\n\t\t\t\t<div class=\"elementor-widget-container\">\n\t\t\t\t\t<div class=\"stm_partner consulting_elementor_partner style_2\">\n            <div class=\"image\">\n            <img loading=\"lazy\" decoding=\"async\" class=\"\" src=\"https:\/\/allame.net\/wp-content\/uploads\/2020\/06\/festo.jpg\" width=\"350\" height=\"204\" alt=\"festo\" title=\"festo\" \/>        <\/div>\n        <div class=\"stm_partner_content\">\n                                                        <h4 class=\"no_stripe\">FESTO<\/h4>\n                                                                <div class=\"description\">www.festo.com<\/div>\n                    <\/div>\n<\/div>\t\t\t\t<\/div>\n\t\t\t\t<\/div>\n\t\t\t\t<div class=\"elementor-element elementor-element-7e38b79 elementor-widget elementor-widget-stm_partner\" data-id=\"7e38b79\" data-element_type=\"widget\" data-widget_type=\"stm_partner.default\">\n\t\t\t\t<div class=\"elementor-widget-container\">\n\t\t\t\t\t<div class=\"stm_partner consulting_elementor_partner style_2\">\n            <div class=\"image\">\n            <img loading=\"lazy\" decoding=\"async\" class=\"\" src=\"https:\/\/allame.net\/wp-content\/uploads\/2024\/12\/yigit-aku.webp\" width=\"350\" height=\"204\" alt=\"Yi\u011fit Ak\u00fc\" title=\"Yi\u011fit Ak\u00fc\" \/>        <\/div>\n        <div class=\"stm_partner_content\">\n                                                        <h4 class=\"no_stripe\">Y\u0130\u011e\u0130T AK\u00dc<\/h4>\n                                                                <div class=\"description\">www.yigitaku.com<\/div>\n                    <\/div>\n<\/div>\t\t\t\t<\/div>\n\t\t\t\t<\/div>\n\t\t\t\t<div class=\"elementor-element elementor-element-4b94a51 elementor-widget elementor-widget-stm_partner\" data-id=\"4b94a51\" data-element_type=\"widget\" data-widget_type=\"stm_partner.default\">\n\t\t\t\t<div class=\"elementor-widget-container\">\n\t\t\t\t\t<div class=\"stm_partner consulting_elementor_partner style_2\">\n            <div class=\"image\">\n            <img loading=\"lazy\" decoding=\"async\" class=\"\" src=\"https:\/\/allame.net\/wp-content\/uploads\/2020\/06\/trojan-company-1.jpg\" width=\"350\" height=\"204\" alt=\"trojan company\" title=\"trojan company\" \/>        <\/div>\n        <div class=\"stm_partner_content\">\n                                                        <h4 class=\"no_stripe\">TROJAN BATTERY<\/h4>\n                                                                <div class=\"description\">www.trojanbattery.com<\/div>\n                    <\/div>\n<\/div>\t\t\t\t<\/div>\n\t\t\t\t<\/div>\n\t\t\t\t<div class=\"elementor-element elementor-element-49c2032 elementor-widget elementor-widget-stm_partner\" data-id=\"49c2032\" data-element_type=\"widget\" data-widget_type=\"stm_partner.default\">\n\t\t\t\t<div class=\"elementor-widget-container\">\n\t\t\t\t\t<div class=\"stm_partner consulting_elementor_partner style_2\">\n            <div class=\"image\">\n            <img loading=\"lazy\" decoding=\"async\" class=\"\" src=\"https:\/\/allame.net\/wp-content\/uploads\/2020\/06\/Obel-Civata-1.jpg\" width=\"350\" height=\"204\" alt=\"Obel Civata\" title=\"Obel Civata\" \/>        <\/div>\n        <div class=\"stm_partner_content\">\n                                                        <h4 class=\"no_stripe\">OBEL C\u0130VATA<\/h4>\n                                                                <div class=\"description\">www.obel.com.tr<\/div>\n                    <\/div>\n<\/div>\t\t\t\t<\/div>\n\t\t\t\t<\/div>\n\t\t\t\t<div class=\"elementor-element elementor-element-eb5a98c elementor-widget elementor-widget-stm_partner\" data-id=\"eb5a98c\" data-element_type=\"widget\" data-widget_type=\"stm_partner.default\">\n\t\t\t\t<div class=\"elementor-widget-container\">\n\t\t\t\t\t<div class=\"stm_partner consulting_elementor_partner style_2\">\n            <div class=\"image\">\n            <img loading=\"lazy\" decoding=\"async\" class=\"\" src=\"https:\/\/allame.net\/wp-content\/uploads\/2020\/06\/dejesan-1.jpg\" width=\"350\" height=\"204\" alt=\"dejesan\" title=\"dejesan\" \/>        <\/div>\n        <div class=\"stm_partner_content\">\n                                                        <h4 class=\"no_stripe\">DEJESAN<\/h4>\n                                                                <div class=\"description\">www.dejesan.com<\/div>\n                    <\/div>\n<\/div>\t\t\t\t<\/div>\n\t\t\t\t<\/div>\n\t\t\t\t\t<\/div>\n\t\t<\/div>\n\t\t\t\t<div class=\"elementor-column elementor-col-25 elementor-top-column elementor-element elementor-element-796874c0 elementor-hidden-tablet elementor-hidden-phone\" data-id=\"796874c0\" data-element_type=\"column\">\n\t\t\t<div class=\"elementor-widget-wrap elementor-element-populated\">\n\t\t\t\t\t\t<div class=\"elementor-element elementor-element-5093b750 elementor-widget elementor-widget-stm_sidebar\" data-id=\"5093b750\" data-element_type=\"widget\" data-widget_type=\"stm_sidebar.default\">\n\t\t\t\t<div class=\"elementor-widget-container\">\n\t\t\t\t\t\n<div class=\"stm_sidebar consulting_elementor_sidebar\">\n\n            \t\t<div data-elementor-type=\"wp-post\" data-elementor-id=\"10170\" class=\"elementor elementor-10170 elementor-311\">\n\t\t\t\t\t\t<section class=\"elementor-section elementor-top-section elementor-element elementor-element-1a39e9e elementor-section-boxed elementor-section-height-default elementor-section-height-default\" data-id=\"1a39e9e\" data-element_type=\"section\" data-settings=\"{&quot;background_background&quot;:&quot;classic&quot;}\">\n\t\t\t\t\t\t<div class=\"elementor-container elementor-column-gap-default\">\n\t\t\t\t\t<div class=\"elementor-column elementor-col-100 elementor-top-column elementor-element elementor-element-1a3a7d4\" data-id=\"1a3a7d4\" data-element_type=\"column\">\n\t\t\t<div class=\"elementor-widget-wrap elementor-element-populated\">\n\t\t\t\t\t\t<div class=\"elementor-element elementor-element-1a3b02e elementor-align-left elementor-widget elementor-widget-button\" data-id=\"1a3b02e\" data-element_type=\"widget\" data-widget_type=\"button.default\">\n\t\t\t\t<div class=\"elementor-widget-container\">\n\t\t\t\t\t\t\t\t\t<div class=\"elementor-button-wrapper icon_align_  button_block\">\n\t\t\t\t\t<a class=\"elementor-button elementor-button-link elementor-size-lg\" href=\"https:\/\/skyfibertech.com\/wp-content\/uploads\/2021\/08\/fiber-blowing-all-machines-catalog.pdf\">\n\t\t\t\t\t\t<span class=\"elementor-button-content-wrapper\">\n\t\t\t\t\t\t<span class=\"elementor-button-icon\">\n\t\t\t\t<i aria-hidden=\"true\" class=\"fa fa-file-pdf-o\"><\/i>\t\t\t<\/span>\n\t\t\t\t\t\t\t\t\t<span class=\"elementor-button-text\">Nuestro cat\u00e1logo<\/span>\n\t\t\t\t\t<\/span>\n\t\t\t\t\t<\/a>\n\t\t\t\t<\/div>\n\t\t\t\t\t\t\t\t<\/div>\n\t\t\t\t<\/div>\n\t\t\t\t\t<\/div>\n\t\t<\/div>\n\t\t\t\t\t<\/div>\n\t\t<\/section>\n\t\t\t\t<section class=\"elementor-section elementor-top-section elementor-element elementor-element-1a3bbd0 elementor-section-boxed elementor-section-height-default elementor-section-height-default\" data-id=\"1a3bbd0\" data-element_type=\"section\" data-settings=\"{&quot;background_background&quot;:&quot;classic&quot;}\">\n\t\t\t\t\t\t<div class=\"elementor-container elementor-column-gap-default\">\n\t\t\t\t\t<div class=\"elementor-column elementor-col-100 elementor-top-column elementor-element elementor-element-1a3c2b4\" data-id=\"1a3c2b4\" data-element_type=\"column\" data-settings=\"{&quot;background_background&quot;:&quot;classic&quot;}\">\n\t\t\t<div class=\"elementor-widget-wrap elementor-element-populated\">\n\t\t\t\t\t\t<div class=\"elementor-element elementor-element-1a3c898 elementor-widget elementor-widget-vc_custom_heading\" data-id=\"1a3c898\" data-element_type=\"widget\" data-widget_type=\"vc_custom_heading.default\">\n\t\t\t\t<div class=\"elementor-widget-container\">\n\t\t\t\t\t<div class=\" vc_custom_heading  consulting_heading_font  text_align_left title_no_stripe\" ><h4 style=\"font-size: 16px;text-align: left;font-weight:700\" class=\"consulting-custom-title\">Innovaci\u00f3n y calidad\n<\/h4><\/div>\t\t\t\t<\/div>\n\t\t\t\t<\/div>\n\t\t\t\t<div class=\"elementor-element elementor-element-1a3cc4d elementor-widget elementor-widget-text-editor\" data-id=\"1a3cc4d\" data-element_type=\"widget\" data-widget_type=\"text-editor.default\">\n\t\t\t\t<div class=\"elementor-widget-container\">\n\t\t\t\t\t\t\t\t\t<p><span style=\"font-size: 13px; line-height: 22px;\">Siempre estamos buscando formas de mejorar nuestros productos y hacerlos m\u00e1s productivos y eficaces.<\/span><\/p>\n\t\t\t\t\t\t\t\t<\/div>\n\t\t\t\t<\/div>\n\t\t\t\t<div class=\"elementor-element elementor-element-1a3ce8d elementor-widget__width-auto elementor-widget elementor-widget-button\" data-id=\"1a3ce8d\" data-element_type=\"widget\" data-widget_type=\"button.default\">\n\t\t\t\t<div class=\"elementor-widget-container\">\n\t\t\t\t\t\t\t\t\t<div class=\"elementor-button-wrapper icon_align_  \">\n\t\t\t\t\t<a class=\"elementor-button elementor-button-link elementor-size-sm\" href=\"https:\/\/allame.net\/iletisim-bilgileri\/\">\n\t\t\t\t\t\t<span class=\"elementor-button-content-wrapper\">\n\t\t\t\t\t\t<span class=\"elementor-button-icon\">\n\t\t\t\t<i aria-hidden=\"true\" class=\"fa fa-phone-square\"><\/i>\t\t\t<\/span>\n\t\t\t\t\t\t\t\t\t<span class=\"elementor-button-text\">datos de contacto<\/span>\n\t\t\t\t\t<\/span>\n\t\t\t\t\t<\/a>\n\t\t\t\t<\/div>\n\t\t\t\t\t\t\t\t<\/div>\n\t\t\t\t<\/div>\n\t\t\t\t\t<\/div>\n\t\t<\/div>\n\t\t\t\t\t<\/div>\n\t\t<\/section>\n\t\t\t\t<\/div>\n\t\t    \n<\/div>\t\t\t\t<\/div>\n\t\t\t\t<\/div>\n\t\t\t\t\t<\/div>\n\t\t<\/div>\n\t\t\t\t\t<\/div>\n\t\t<\/section>\n\t\t\t\t<section class=\"elementor-section elementor-top-section elementor-element elementor-element-a97fa85 third_bg_color elementor-section-boxed elementor-section-height-default elementor-section-height-default\" data-id=\"a97fa85\" data-element_type=\"section\" data-settings=\"{&quot;background_background&quot;:&quot;classic&quot;}\">\n\t\t\t\t\t\t<div class=\"elementor-container elementor-column-gap-default\">\n\t\t\t\t\t<div class=\"elementor-column elementor-col-100 elementor-top-column elementor-element elementor-element-7e15de0b\" data-id=\"7e15de0b\" data-element_type=\"column\">\n\t\t\t<div class=\"elementor-widget-wrap elementor-element-populated\">\n\t\t\t\t\t\t<div class=\"elementor-element elementor-element-6d6d2e78 elementor-widget elementor-widget-vc_cta\" data-id=\"6d6d2e78\" data-element_type=\"widget\" data-widget_type=\"vc_cta.default\">\n\t\t\t\t<div class=\"elementor-widget-container\">\n\t\t\t\t\t\n<div class=\"ce_cta ce_cta_3e4dc1a9da01add969a45c856c0c8a42 ce_text_left third_bg_color add_button_right btn_align_right btn_button_block_true btn_has_icon btn_has_icon_on_the_right\" id=\"\">\n\n    <div class=\"ce_cta__content\">\n        <div class=\"ce_cta__content__header\">\n            <h2  class='ce_cta__content__title '>\u00fcr\u00fcnlerimiz hakk\u0131nda detayl\u0131 bilgi almak i\u00e7in l\u00fctfen bizimle ileti\u015fime ge\u00e7iniz.<\/h2>                    <\/div>\n\n        \n    <\/div>\n\n    \n        <div class=\"ce_cta__action\">\n            <a href=\"https:\/\/allame.net\/iletisim-bilgileri\/\"\n                              target=\"_self\"\n               class=\"button \">\n                <span>teklif iste<\/span>\n                                    <i class=\"fa fa-chevron-right\"><\/i>\n                            <\/a>\n        <\/div>\n\n    \n<\/div>\n\t\t\t\t<\/div>\n\t\t\t\t<\/div>\n\t\t\t\t\t<\/div>\n\t\t<\/div>\n\t\t\t\t\t<\/div>\n\t\t<\/section>\n\t\t\t\t<\/div>\n\t\t","protected":false},"excerpt":{"rendered":"<p>T\u00fcrk Telekom www.turktelekom.com.tr KOHLER www.kohlercompany.com HONDA ENGINES engines.honda.com FESTO www.festo.com Y\u0130\u011e\u0130T AK\u00dc www.yigitaku.com TROJAN BATTERY www.trojanbattery.com OBEL C\u0130VATA www.obel.com.tr DEJESAN www.dejesan.com Nuestro cat\u00e1logo Innovaci\u00f3n y calidad Siempre estamos buscando formas de mejorar nuestros productos y hacerlos m\u00e1s productivos y eficaces. datos de contacto \u00fcr\u00fcnlerimiz hakk\u0131nda detayl\u0131 bilgi almak i\u00e7in l\u00fctfen bizimle ileti\u015fime ge\u00e7iniz. teklif iste<\/p>\n","protected":false},"author":2,"featured_media":0,"parent":0,"menu_order":0,"comment_status":"closed","ping_status":"closed","template":"","meta":{"_joinchat":[],"footnotes":""},"class_list":["post-10727","page","type-page","status-publish","hentry"],"yoast_head":"<!-- This site is optimized with the Yoast SEO plugin v25.9 - https:\/\/yoast.com\/wordpress\/plugins\/seo\/ -->\n<title>Nuestros socios comerciales - Allame Makina<\/title>\n<meta name=\"description\" content=\"Entre los socios comerciales de Allame Makina figuran l\u00edderes del sector como T\u00fcrk Telekom, KOHLER, HONDA ENGINES, FESTO e Y\u0130\u011e\u0130T BATTERY.\" \/>\n<meta name=\"robots\" content=\"index, follow, max-snippet:-1, max-image-preview:large, max-video-preview:-1\" \/>\n<link rel=\"canonical\" href=\"https:\/\/allame.net\/es\/nuestros-socios-comerciales\/\" \/>\n<meta property=\"og:locale\" content=\"es_ES\" \/>\n<meta property=\"og:type\" content=\"article\" \/>\n<meta property=\"og:title\" content=\"Nuestros socios comerciales - Allame Makina\" \/>\n<meta property=\"og:description\" content=\"Entre los socios comerciales de Allame Makina figuran l\u00edderes del sector como T\u00fcrk Telekom, KOHLER, HONDA ENGINES, FESTO e Y\u0130\u011e\u0130T BATTERY.\" \/>\n<meta property=\"og:url\" content=\"https:\/\/allame.net\/es\/nuestros-socios-comerciales\/\" \/>\n<meta property=\"og:site_name\" content=\"Allame Makina\" \/>\n<meta property=\"article:publisher\" content=\"https:\/\/www.facebook.com\/skyfibertech\/\" \/>\n<meta property=\"article:modified_time\" content=\"2025-02-07T09:52:53+00:00\" \/>\n<meta property=\"og:image\" content=\"https:\/\/allame.net\/wp-content\/uploads\/2024\/12\/allame-is-ortaklarimiz.webp\" \/>\n\t<meta property=\"og:image:width\" content=\"910\" \/>\n\t<meta property=\"og:image:height\" content=\"402\" \/>\n\t<meta property=\"og:image:type\" content=\"image\/webp\" \/>\n<meta name=\"twitter:card\" content=\"summary_large_image\" \/>\n<meta name=\"twitter:site\" content=\"@SkyFiberTech1\" \/>\n<meta name=\"twitter:label1\" content=\"Tiempo de lectura\" \/>\n\t<meta name=\"twitter:data1\" content=\"3 minutos\" \/>\n<script type=\"application\/ld+json\" class=\"yoast-schema-graph\">{\"@context\":\"https:\/\/schema.org\",\"@graph\":[{\"@type\":\"WebPage\",\"@id\":\"https:\/\/allame.net\/es\/nuestros-socios-comerciales\/\",\"url\":\"https:\/\/allame.net\/es\/nuestros-socios-comerciales\/\",\"name\":\"Nuestros socios comerciales - Allame Makina\",\"isPartOf\":{\"@id\":\"https:\/\/allame.net\/es\/#website\"},\"primaryImageOfPage\":{\"@id\":\"https:\/\/allame.net\/es\/nuestros-socios-comerciales\/#primaryimage\"},\"image\":{\"@id\":\"https:\/\/allame.net\/es\/nuestros-socios-comerciales\/#primaryimage\"},\"thumbnailUrl\":\"https:\/\/allame.net\/wp-content\/uploads\/2024\/12\/allame-is-ortaklarimiz.webp\",\"datePublished\":\"2020-06-25T10:34:18+00:00\",\"dateModified\":\"2025-02-07T09:52:53+00:00\",\"description\":\"Entre los socios comerciales de Allame Makina figuran l\u00edderes del sector como T\u00fcrk Telekom, KOHLER, HONDA ENGINES, FESTO e Y\u0130\u011e\u0130T BATTERY.\",\"breadcrumb\":{\"@id\":\"https:\/\/allame.net\/es\/nuestros-socios-comerciales\/#breadcrumb\"},\"inLanguage\":\"es\",\"potentialAction\":[{\"@type\":\"ReadAction\",\"target\":[\"https:\/\/allame.net\/es\/nuestros-socios-comerciales\/\"]}]},{\"@type\":\"ImageObject\",\"inLanguage\":\"es\",\"@id\":\"https:\/\/allame.net\/es\/nuestros-socios-comerciales\/#primaryimage\",\"url\":\"https:\/\/allame.net\/wp-content\/uploads\/2024\/12\/allame-is-ortaklarimiz.webp\",\"contentUrl\":\"https:\/\/allame.net\/wp-content\/uploads\/2024\/12\/allame-is-ortaklarimiz.webp\"},{\"@type\":\"BreadcrumbList\",\"@id\":\"https:\/\/allame.net\/es\/nuestros-socios-comerciales\/#breadcrumb\",\"itemListElement\":[{\"@type\":\"ListItem\",\"position\":1,\"name\":\"Home\",\"item\":\"https:\/\/allame.net\/es\/\"},{\"@type\":\"ListItem\",\"position\":2,\"name\":\"Nuestros socios comerciales\"}]},{\"@type\":\"WebSite\",\"@id\":\"https:\/\/allame.net\/es\/#website\",\"url\":\"https:\/\/allame.net\/es\/\",\"name\":\"Allame Makina\",\"description\":\"Fiber optik kablo \u00fcfleme ve \u00e7ekme makinalar\u0131\",\"publisher\":{\"@id\":\"https:\/\/allame.net\/es\/#organization\"},\"potentialAction\":[{\"@type\":\"SearchAction\",\"target\":{\"@type\":\"EntryPoint\",\"urlTemplate\":\"https:\/\/allame.net\/es\/?s={search_term_string}\"},\"query-input\":{\"@type\":\"PropertyValueSpecification\",\"valueRequired\":true,\"valueName\":\"search_term_string\"}}],\"inLanguage\":\"es\"},{\"@type\":\"Organization\",\"@id\":\"https:\/\/allame.net\/es\/#organization\",\"name\":\"Allame Makina\",\"url\":\"https:\/\/allame.net\/es\/\",\"logo\":{\"@type\":\"ImageObject\",\"inLanguage\":\"es\",\"@id\":\"https:\/\/allame.net\/es\/#\/schema\/logo\/image\/\",\"url\":\"https:\/\/allame.net\/wp-content\/uploads\/2019\/09\/Allame-logo-kucuk.png\",\"contentUrl\":\"https:\/\/allame.net\/wp-content\/uploads\/2019\/09\/Allame-logo-kucuk.png\",\"width\":196,\"height\":71,\"caption\":\"Allame Makina\"},\"image\":{\"@id\":\"https:\/\/allame.net\/es\/#\/schema\/logo\/image\/\"},\"sameAs\":[\"https:\/\/www.facebook.com\/skyfibertech\/\",\"https:\/\/x.com\/SkyFiberTech1\",\"https:\/\/www.instagram.com\/allamemakina\"]}]}<\/script>\n<!-- \/ Yoast SEO plugin. -->","yoast_head_json":{"title":"Nuestros socios comerciales - Allame Makina","description":"Entre los socios comerciales de Allame Makina figuran l\u00edderes del sector como T\u00fcrk Telekom, KOHLER, HONDA ENGINES, FESTO e Y\u0130\u011e\u0130T BATTERY.","robots":{"index":"index","follow":"follow","max-snippet":"max-snippet:-1","max-image-preview":"max-image-preview:large","max-video-preview":"max-video-preview:-1"},"canonical":"https:\/\/allame.net\/es\/nuestros-socios-comerciales\/","og_locale":"es_ES","og_type":"article","og_title":"Nuestros socios comerciales - Allame Makina","og_description":"Entre los socios comerciales de Allame Makina figuran l\u00edderes del sector como T\u00fcrk Telekom, KOHLER, HONDA ENGINES, FESTO e Y\u0130\u011e\u0130T BATTERY.","og_url":"https:\/\/allame.net\/es\/nuestros-socios-comerciales\/","og_site_name":"Allame Makina","article_publisher":"https:\/\/www.facebook.com\/skyfibertech\/","article_modified_time":"2025-02-07T09:52:53+00:00","og_image":[{"width":910,"height":402,"url":"https:\/\/allame.net\/wp-content\/uploads\/2024\/12\/allame-is-ortaklarimiz.webp","type":"image\/webp"}],"twitter_card":"summary_large_image","twitter_site":"@SkyFiberTech1","twitter_misc":{"Tiempo de lectura":"3 minutos"},"schema":{"@context":"https:\/\/schema.org","@graph":[{"@type":"WebPage","@id":"https:\/\/allame.net\/es\/nuestros-socios-comerciales\/","url":"https:\/\/allame.net\/es\/nuestros-socios-comerciales\/","name":"Nuestros socios comerciales - Allame Makina","isPartOf":{"@id":"https:\/\/allame.net\/es\/#website"},"primaryImageOfPage":{"@id":"https:\/\/allame.net\/es\/nuestros-socios-comerciales\/#primaryimage"},"image":{"@id":"https:\/\/allame.net\/es\/nuestros-socios-comerciales\/#primaryimage"},"thumbnailUrl":"https:\/\/allame.net\/wp-content\/uploads\/2024\/12\/allame-is-ortaklarimiz.webp","datePublished":"2020-06-25T10:34:18+00:00","dateModified":"2025-02-07T09:52:53+00:00","description":"Entre los socios comerciales de Allame Makina figuran l\u00edderes del sector como T\u00fcrk Telekom, KOHLER, HONDA ENGINES, FESTO e Y\u0130\u011e\u0130T BATTERY.","breadcrumb":{"@id":"https:\/\/allame.net\/es\/nuestros-socios-comerciales\/#breadcrumb"},"inLanguage":"es","potentialAction":[{"@type":"ReadAction","target":["https:\/\/allame.net\/es\/nuestros-socios-comerciales\/"]}]},{"@type":"ImageObject","inLanguage":"es","@id":"https:\/\/allame.net\/es\/nuestros-socios-comerciales\/#primaryimage","url":"https:\/\/allame.net\/wp-content\/uploads\/2024\/12\/allame-is-ortaklarimiz.webp","contentUrl":"https:\/\/allame.net\/wp-content\/uploads\/2024\/12\/allame-is-ortaklarimiz.webp"},{"@type":"BreadcrumbList","@id":"https:\/\/allame.net\/es\/nuestros-socios-comerciales\/#breadcrumb","itemListElement":[{"@type":"ListItem","position":1,"name":"Home","item":"https:\/\/allame.net\/es\/"},{"@type":"ListItem","position":2,"name":"Nuestros socios comerciales"}]},{"@type":"WebSite","@id":"https:\/\/allame.net\/es\/#website","url":"https:\/\/allame.net\/es\/","name":"Allame Makina","description":"Fiber optik kablo \u00fcfleme ve \u00e7ekme makinalar\u0131","publisher":{"@id":"https:\/\/allame.net\/es\/#organization"},"potentialAction":[{"@type":"SearchAction","target":{"@type":"EntryPoint","urlTemplate":"https:\/\/allame.net\/es\/?s={search_term_string}"},"query-input":{"@type":"PropertyValueSpecification","valueRequired":true,"valueName":"search_term_string"}}],"inLanguage":"es"},{"@type":"Organization","@id":"https:\/\/allame.net\/es\/#organization","name":"Allame Makina","url":"https:\/\/allame.net\/es\/","logo":{"@type":"ImageObject","inLanguage":"es","@id":"https:\/\/allame.net\/es\/#\/schema\/logo\/image\/","url":"https:\/\/allame.net\/wp-content\/uploads\/2019\/09\/Allame-logo-kucuk.png","contentUrl":"https:\/\/allame.net\/wp-content\/uploads\/2019\/09\/Allame-logo-kucuk.png","width":196,"height":71,"caption":"Allame Makina"},"image":{"@id":"https:\/\/allame.net\/es\/#\/schema\/logo\/image\/"},"sameAs":["https:\/\/www.facebook.com\/skyfibertech\/","https:\/\/x.com\/SkyFiberTech1","https:\/\/www.instagram.com\/allamemakina"]}]}},"_links":{"self":[{"href":"https:\/\/allame.net\/es\/wp-json\/wp\/v2\/pages\/10727","targetHints":{"allow":["GET"]}}],"collection":[{"href":"https:\/\/allame.net\/es\/wp-json\/wp\/v2\/pages"}],"about":[{"href":"https:\/\/allame.net\/es\/wp-json\/wp\/v2\/types\/page"}],"author":[{"embeddable":true,"href":"https:\/\/allame.net\/es\/wp-json\/wp\/v2\/users\/2"}],"replies":[{"embeddable":true,"href":"https:\/\/allame.net\/es\/wp-json\/wp\/v2\/comments?post=10727"}],"version-history":[{"count":0,"href":"https:\/\/allame.net\/es\/wp-json\/wp\/v2\/pages\/10727\/revisions"}],"wp:attachment":[{"href":"https:\/\/allame.net\/es\/wp-json\/wp\/v2\/media?parent=10727"}],"curies":[{"name":"wp","href":"https:\/\/api.w.org\/{rel}","templated":true}]}}