{"id":13013,"date":"2025-07-23T09:25:16","date_gmt":"2025-07-23T09:25:16","guid":{"rendered":"https:\/\/allame.net\/?page_id=13013"},"modified":"2025-07-24T10:08:53","modified_gmt":"2025-07-24T10:08:53","slug":"our-exports","status":"publish","type":"page","link":"https:\/\/allame.net\/en\/our-exports\/","title":{"rendered":"Our Exports"},"content":{"rendered":"<p>[vc_row][vc_column width=&#8221;3\/4&#8243;][vc_single_image image=&#8221;13024&#8243; img_size=&#8221;full&#8221;][vc_column_text]<strong>We Build Locally. We Ship Globally.<\/strong><\/p>\n<p>From compact portable boring machines to powerful thrust boring systems. From advanced cable blowing and pulling equipment to heavy duty trenching machines and cable drum trailers. Our machines are now in use across the globe in regions where smart and reliable infrastructure solutions are essential.<\/p>\n<p>We do not only manufacture machines. We deliver field ready systems designed for real world conditions. Whether for fiber optic installations in European city centers, underground utility works in the Americas, or trenching operations in rural areas of Africa and Asia, our equipment provides consistent performance and long term durability.<\/p>\n<p><em><strong>At Allame, exporting means more than delivering machines.<\/strong><\/em> It means building trust, offering fast and dedicated support, and ensuring that each machine fits the specific needs of the project and the country.<\/p>\n<p><strong>Today our <a href=\"https:\/\/skyfibertech.com\">cable blowing machines<\/a>, <a href=\"https:\/\/cablepullingmachines.com\">cable pulling machines<\/a>, <a href=\"https:\/\/cabledrumtrailer.com\">cable drum trailers<\/a>, <a href=\"https:\/\/skybortech.com\">portable line boring machines<\/a>, <a href=\"https:\/\/thrustboring.com\">thrust boring systems<\/a>, and <a href=\"https:\/\/trenchingmachines.net\">trenching machines<\/a> are being used in over seventy countries. This global presence continues to grow with each passing year.<\/strong><\/p>\n<p>Wherever professionals need dependable and efficient machines, <strong><em><a href=\"https:\/\/allame.net\/iletisim-bilgileri\/\">Allame<\/a> is ready to deliver the right solution.<\/em><\/strong>[\/vc_column_text][vc_custom_heading text=&#8221;Some of the Countries We Have Exported Our Machines To&#8221; font_container=&#8221;tag:h5|text_align:left&#8221; use_theme_fonts=&#8221;yes&#8221;][stm_news loop=&#8221;size:24|post_type:post|categories:167&#8243; posts_per_row=&#8221;2&#8243; view_style=&#8221;style_2&#8243;][\/vc_column][vc_column width=&#8221;1\/4&#8243;][stm_sidebar sidebar=&#8221;10074&#8243;][\/vc_column][\/vc_row]<\/p>\n","protected":false},"excerpt":{"rendered":"<p>[vc_row][vc_column width=&#8221;3\/4&#8243;][vc_single_image image=&#8221;13024&#8243; img_size=&#8221;full&#8221;][vc_column_text]We Build Locally. We Ship Globally. From compact portable boring machines to powerful thrust boring systems. From advanced cable blowing and pulling equipment to heavy duty trenching machines and cable drum trailers. Our machines are now in use across the globe in regions where smart and reliable infrastructure solutions are essential. We<\/p>\n","protected":false},"author":1,"featured_media":13090,"parent":0,"menu_order":0,"comment_status":"closed","ping_status":"closed","template":"","meta":{"_joinchat":[],"footnotes":""},"class_list":["post-13013","page","type-page","status-publish","has-post-thumbnail","hentry"],"yoast_head":"<!-- This site is optimized with the Yoast SEO plugin v25.9 - https:\/\/yoast.com\/wordpress\/plugins\/seo\/ -->\n<title>Our Exports - Allame Makina<\/title>\n<meta name=\"description\" content=\"We do not only manufacture machines. We deliver field ready systems designed for real world conditions.\" \/>\n<meta name=\"robots\" content=\"index, follow, max-snippet:-1, max-image-preview:large, max-video-preview:-1\" \/>\n<link rel=\"canonical\" href=\"https:\/\/allame.net\/en\/our-exports\/\" \/>\n<meta property=\"og:locale\" content=\"en_US\" \/>\n<meta property=\"og:type\" content=\"article\" \/>\n<meta property=\"og:title\" content=\"Our Exports - Allame Makina\" \/>\n<meta property=\"og:description\" content=\"We do not only manufacture machines. We deliver field ready systems designed for real world conditions.\" \/>\n<meta property=\"og:url\" content=\"https:\/\/allame.net\/en\/our-exports\/\" \/>\n<meta property=\"og:site_name\" content=\"Allame Makina\" \/>\n<meta property=\"article:publisher\" content=\"https:\/\/www.facebook.com\/skyfibertech\/\" \/>\n<meta property=\"article:modified_time\" content=\"2025-07-24T10:08:53+00:00\" \/>\n<meta property=\"og:image\" content=\"https:\/\/allame.net\/wp-content\/uploads\/2025\/07\/Allame-Makina-Our-Exports-3.webp\" \/>\n\t<meta property=\"og:image:width\" content=\"1500\" \/>\n\t<meta property=\"og:image:height\" content=\"844\" \/>\n\t<meta property=\"og:image:type\" content=\"image\/webp\" \/>\n<meta name=\"twitter:card\" content=\"summary_large_image\" \/>\n<meta name=\"twitter:site\" content=\"@SkyFiberTech1\" \/>\n<meta name=\"twitter:label1\" content=\"Est. reading time\" \/>\n\t<meta name=\"twitter:data1\" content=\"2 minutes\" \/>\n<script type=\"application\/ld+json\" class=\"yoast-schema-graph\">{\"@context\":\"https:\/\/schema.org\",\"@graph\":[{\"@type\":\"WebPage\",\"@id\":\"https:\/\/allame.net\/en\/our-exports\/\",\"url\":\"https:\/\/allame.net\/en\/our-exports\/\",\"name\":\"Our Exports - Allame Makina\",\"isPartOf\":{\"@id\":\"https:\/\/allame.net\/en\/#website\"},\"primaryImageOfPage\":{\"@id\":\"https:\/\/allame.net\/en\/our-exports\/#primaryimage\"},\"image\":{\"@id\":\"https:\/\/allame.net\/en\/our-exports\/#primaryimage\"},\"thumbnailUrl\":\"https:\/\/allame.net\/wp-content\/uploads\/2025\/07\/Allame-Makina-Our-Exports-3.webp\",\"datePublished\":\"2025-07-23T09:25:16+00:00\",\"dateModified\":\"2025-07-24T10:08:53+00:00\",\"description\":\"We do not only manufacture machines. We deliver field ready systems designed for real world conditions.\",\"breadcrumb\":{\"@id\":\"https:\/\/allame.net\/en\/our-exports\/#breadcrumb\"},\"inLanguage\":\"en-US\",\"potentialAction\":[{\"@type\":\"ReadAction\",\"target\":[\"https:\/\/allame.net\/en\/our-exports\/\"]}]},{\"@type\":\"ImageObject\",\"inLanguage\":\"en-US\",\"@id\":\"https:\/\/allame.net\/en\/our-exports\/#primaryimage\",\"url\":\"https:\/\/allame.net\/wp-content\/uploads\/2025\/07\/Allame-Makina-Our-Exports-3.webp\",\"contentUrl\":\"https:\/\/allame.net\/wp-content\/uploads\/2025\/07\/Allame-Makina-Our-Exports-3.webp\",\"width\":1500,\"height\":844,\"caption\":\"Allame Makina Our Exports\"},{\"@type\":\"BreadcrumbList\",\"@id\":\"https:\/\/allame.net\/en\/our-exports\/#breadcrumb\",\"itemListElement\":[{\"@type\":\"ListItem\",\"position\":1,\"name\":\"Home\",\"item\":\"https:\/\/allame.net\/en\/\"},{\"@type\":\"ListItem\",\"position\":2,\"name\":\"Our Exports\"}]},{\"@type\":\"WebSite\",\"@id\":\"https:\/\/allame.net\/en\/#website\",\"url\":\"https:\/\/allame.net\/en\/\",\"name\":\"Allame Makina\",\"description\":\"Fiber optik kablo \u00fcfleme ve \u00e7ekme makinalar\u0131\",\"publisher\":{\"@id\":\"https:\/\/allame.net\/en\/#organization\"},\"potentialAction\":[{\"@type\":\"SearchAction\",\"target\":{\"@type\":\"EntryPoint\",\"urlTemplate\":\"https:\/\/allame.net\/en\/?s={search_term_string}\"},\"query-input\":{\"@type\":\"PropertyValueSpecification\",\"valueRequired\":true,\"valueName\":\"search_term_string\"}}],\"inLanguage\":\"en-US\"},{\"@type\":\"Organization\",\"@id\":\"https:\/\/allame.net\/en\/#organization\",\"name\":\"Allame Makina\",\"url\":\"https:\/\/allame.net\/en\/\",\"logo\":{\"@type\":\"ImageObject\",\"inLanguage\":\"en-US\",\"@id\":\"https:\/\/allame.net\/en\/#\/schema\/logo\/image\/\",\"url\":\"https:\/\/allame.net\/wp-content\/uploads\/2019\/09\/Allame-logo-kucuk.png\",\"contentUrl\":\"https:\/\/allame.net\/wp-content\/uploads\/2019\/09\/Allame-logo-kucuk.png\",\"width\":196,\"height\":71,\"caption\":\"Allame Makina\"},\"image\":{\"@id\":\"https:\/\/allame.net\/en\/#\/schema\/logo\/image\/\"},\"sameAs\":[\"https:\/\/www.facebook.com\/skyfibertech\/\",\"https:\/\/x.com\/SkyFiberTech1\",\"https:\/\/www.instagram.com\/allamemakina\"]}]}<\/script>\n<!-- \/ Yoast SEO plugin. -->","yoast_head_json":{"title":"Our Exports - Allame Makina","description":"We do not only manufacture machines. We deliver field ready systems designed for real world conditions.","robots":{"index":"index","follow":"follow","max-snippet":"max-snippet:-1","max-image-preview":"max-image-preview:large","max-video-preview":"max-video-preview:-1"},"canonical":"https:\/\/allame.net\/en\/our-exports\/","og_locale":"en_US","og_type":"article","og_title":"Our Exports - Allame Makina","og_description":"We do not only manufacture machines. We deliver field ready systems designed for real world conditions.","og_url":"https:\/\/allame.net\/en\/our-exports\/","og_site_name":"Allame Makina","article_publisher":"https:\/\/www.facebook.com\/skyfibertech\/","article_modified_time":"2025-07-24T10:08:53+00:00","og_image":[{"width":1500,"height":844,"url":"https:\/\/allame.net\/wp-content\/uploads\/2025\/07\/Allame-Makina-Our-Exports-3.webp","type":"image\/webp"}],"twitter_card":"summary_large_image","twitter_site":"@SkyFiberTech1","twitter_misc":{"Est. reading time":"2 minutes"},"schema":{"@context":"https:\/\/schema.org","@graph":[{"@type":"WebPage","@id":"https:\/\/allame.net\/en\/our-exports\/","url":"https:\/\/allame.net\/en\/our-exports\/","name":"Our Exports - Allame Makina","isPartOf":{"@id":"https:\/\/allame.net\/en\/#website"},"primaryImageOfPage":{"@id":"https:\/\/allame.net\/en\/our-exports\/#primaryimage"},"image":{"@id":"https:\/\/allame.net\/en\/our-exports\/#primaryimage"},"thumbnailUrl":"https:\/\/allame.net\/wp-content\/uploads\/2025\/07\/Allame-Makina-Our-Exports-3.webp","datePublished":"2025-07-23T09:25:16+00:00","dateModified":"2025-07-24T10:08:53+00:00","description":"We do not only manufacture machines. We deliver field ready systems designed for real world conditions.","breadcrumb":{"@id":"https:\/\/allame.net\/en\/our-exports\/#breadcrumb"},"inLanguage":"en-US","potentialAction":[{"@type":"ReadAction","target":["https:\/\/allame.net\/en\/our-exports\/"]}]},{"@type":"ImageObject","inLanguage":"en-US","@id":"https:\/\/allame.net\/en\/our-exports\/#primaryimage","url":"https:\/\/allame.net\/wp-content\/uploads\/2025\/07\/Allame-Makina-Our-Exports-3.webp","contentUrl":"https:\/\/allame.net\/wp-content\/uploads\/2025\/07\/Allame-Makina-Our-Exports-3.webp","width":1500,"height":844,"caption":"Allame Makina Our Exports"},{"@type":"BreadcrumbList","@id":"https:\/\/allame.net\/en\/our-exports\/#breadcrumb","itemListElement":[{"@type":"ListItem","position":1,"name":"Home","item":"https:\/\/allame.net\/en\/"},{"@type":"ListItem","position":2,"name":"Our Exports"}]},{"@type":"WebSite","@id":"https:\/\/allame.net\/en\/#website","url":"https:\/\/allame.net\/en\/","name":"Allame Makina","description":"Fiber optik kablo \u00fcfleme ve \u00e7ekme makinalar\u0131","publisher":{"@id":"https:\/\/allame.net\/en\/#organization"},"potentialAction":[{"@type":"SearchAction","target":{"@type":"EntryPoint","urlTemplate":"https:\/\/allame.net\/en\/?s={search_term_string}"},"query-input":{"@type":"PropertyValueSpecification","valueRequired":true,"valueName":"search_term_string"}}],"inLanguage":"en-US"},{"@type":"Organization","@id":"https:\/\/allame.net\/en\/#organization","name":"Allame Makina","url":"https:\/\/allame.net\/en\/","logo":{"@type":"ImageObject","inLanguage":"en-US","@id":"https:\/\/allame.net\/en\/#\/schema\/logo\/image\/","url":"https:\/\/allame.net\/wp-content\/uploads\/2019\/09\/Allame-logo-kucuk.png","contentUrl":"https:\/\/allame.net\/wp-content\/uploads\/2019\/09\/Allame-logo-kucuk.png","width":196,"height":71,"caption":"Allame Makina"},"image":{"@id":"https:\/\/allame.net\/en\/#\/schema\/logo\/image\/"},"sameAs":["https:\/\/www.facebook.com\/skyfibertech\/","https:\/\/x.com\/SkyFiberTech1","https:\/\/www.instagram.com\/allamemakina"]}]}},"_links":{"self":[{"href":"https:\/\/allame.net\/en\/wp-json\/wp\/v2\/pages\/13013","targetHints":{"allow":["GET"]}}],"collection":[{"href":"https:\/\/allame.net\/en\/wp-json\/wp\/v2\/pages"}],"about":[{"href":"https:\/\/allame.net\/en\/wp-json\/wp\/v2\/types\/page"}],"author":[{"embeddable":true,"href":"https:\/\/allame.net\/en\/wp-json\/wp\/v2\/users\/1"}],"replies":[{"embeddable":true,"href":"https:\/\/allame.net\/en\/wp-json\/wp\/v2\/comments?post=13013"}],"version-history":[{"count":0,"href":"https:\/\/allame.net\/en\/wp-json\/wp\/v2\/pages\/13013\/revisions"}],"wp:featuredmedia":[{"embeddable":true,"href":"https:\/\/allame.net\/en\/wp-json\/wp\/v2\/media\/13090"}],"wp:attachment":[{"href":"https:\/\/allame.net\/en\/wp-json\/wp\/v2\/media?parent=13013"}],"curies":[{"name":"wp","href":"https:\/\/api.w.org\/{rel}","templated":true}]}}