{"id":10744,"date":"2020-06-25T10:40:49","date_gmt":"2020-06-25T10:40:49","guid":{"rendered":"https:\/\/allame.net\/history\/"},"modified":"2025-02-07T11:52:14","modified_gmt":"2025-02-07T11:52:14","slug":"history","status":"publish","type":"page","link":"https:\/\/allame.net\/en\/history\/","title":{"rendered":"History"},"content":{"rendered":"\t\t<div data-elementor-type=\"wp-page\" data-elementor-id=\"10744\" class=\"elementor elementor-10744 elementor-6903\">\n\t\t\t\t\t\t<section class=\"elementor-section elementor-top-section elementor-element elementor-element-17683740 elementor-section-boxed elementor-section-height-default elementor-section-height-default\" data-id=\"17683740\" data-element_type=\"section\" data-settings=\"{&quot;background_background&quot;:&quot;classic&quot;}\">\n\t\t\t\t\t\t<div class=\"elementor-container elementor-column-gap-default\">\n\t\t\t\t\t<div class=\"elementor-column elementor-col-100 elementor-top-column elementor-element elementor-element-4df0a8ed\" data-id=\"4df0a8ed\" data-element_type=\"column\">\n\t\t\t<div class=\"elementor-widget-wrap elementor-element-populated\">\n\t\t\t\t\t\t<div class=\"elementor-element elementor-element-9e4ec42 elementor-widget elementor-widget-image\" data-id=\"9e4ec42\" data-element_type=\"widget\" data-widget_type=\"image.default\">\n\t\t\t\t<div class=\"elementor-widget-container\">\n\t\t\t\t\t\t\t\t\t\t\t\t\t\t\t<img fetchpriority=\"high\" decoding=\"async\" width=\"1024\" height=\"540\" src=\"https:\/\/allame.net\/wp-content\/uploads\/2024\/12\/allame-tarihce-1024x540.webp\" class=\"attachment-large size-large wp-image-9357\" alt=\"\" srcset=\"https:\/\/allame.net\/wp-content\/uploads\/2024\/12\/allame-tarihce-1024x540.webp 1024w, https:\/\/allame.net\/wp-content\/uploads\/2024\/12\/allame-tarihce-300x158.webp 300w, https:\/\/allame.net\/wp-content\/uploads\/2024\/12\/allame-tarihce-768x405.webp 768w, https:\/\/allame.net\/wp-content\/uploads\/2024\/12\/allame-tarihce-900x475.webp 900w, https:\/\/allame.net\/wp-content\/uploads\/2024\/12\/allame-tarihce.webp 1200w\" sizes=\"(max-width: 1024px) 100vw, 1024px\" \/>\t\t\t\t\t\t\t\t\t\t\t\t\t\t\t<\/div>\n\t\t\t\t<\/div>\n\t\t\t\t<div class=\"elementor-element elementor-element-2f251634 elementor-widget elementor-widget-text-editor\" data-id=\"2f251634\" data-element_type=\"widget\" data-widget_type=\"text-editor.default\">\n\t\t\t\t<div class=\"elementor-widget-container\">\n\t\t\t\t\t\t\t\t\t<blockquote>\n<p>Our company, which continues its production in telecommunication, energy and entertainment sectors and whose foundations were laid in 1985, started to use the name Allame Makina since 2002.<\/p>\n<p>Our company, which has <a href=\"https:\/\/skyfibertech.com\/cable-blowing-machines\/\">cable blowing and pulling machines<\/a>, cable transport trailers, electric recreational vehicles and many other different production capabilities, has always aimed to offer its customers the best quality product or project under the most favorable conditions by cooperating with many quality business partners.<\/p>\n<\/blockquote>\n\t\t\t\t\t\t\t\t<\/div>\n\t\t\t\t<\/div>\n\t\t\t\t<div class=\"elementor-element elementor-element-46e6685 elementor-widget elementor-widget-stm_company_history\" data-id=\"46e6685\" data-element_type=\"widget\" data-widget_type=\"stm_company_history.default\">\n\t\t\t\t<div class=\"elementor-widget-container\">\n\t\t\t\t\t\n    <div class=\"company_history\">\n        <ul>\n                            <li>\n\n                                            <div class=\"year\">1985<\/div>\n                    \n                    <div class=\"sep\"><\/div>\n\n                    <div class=\"company_history_text\">\n\n                                                    <h4 class=\"no_stripe\">Machine Spare Parts Production<\/h4>\n                        \n                        \n                    <\/div>\n\n                <\/li>\n                            <li>\n\n                                            <div class=\"year\">2002<\/div>\n                    \n                    <div class=\"sep\"><\/div>\n\n                    <div class=\"company_history_text\">\n\n                                                    <h4 class=\"no_stripe\">Telecommunication Sector Machinery Production<\/h4>\n                        \n                        \n                    <\/div>\n\n                <\/li>\n                            <li>\n\n                                            <div class=\"year\">2010<\/div>\n                    \n                    <div class=\"sep\"><\/div>\n\n                    <div class=\"company_history_text\">\n\n                                                    <h4 class=\"no_stripe\">Entertainment Industry Electric Vehicles Production<\/h4>\n                        \n                        \n                    <\/div>\n\n                <\/li>\n                            <li>\n\n                                            <div class=\"year\">2015<\/div>\n                    \n                    <div class=\"sep\"><\/div>\n\n                    <div class=\"company_history_text\">\n\n                                                    <h4 class=\"no_stripe\">Energy Sector Machinery Production<\/h4>\n                        \n                        \n                    <\/div>\n\n                <\/li>\n                    <\/ul>\n    <\/div>\n\n\t\t\t\t<\/div>\n\t\t\t\t<\/div>\n\t\t\t\t\t<\/div>\n\t\t<\/div>\n\t\t\t\t<div class=\"elementor-column elementor-col-25 elementor-top-column elementor-element elementor-element-7f3aee0b elementor-hidden-tablet elementor-hidden-phone\" data-id=\"7f3aee0b\" data-element_type=\"column\">\n\t\t\t<div class=\"elementor-widget-wrap elementor-element-populated\">\n\t\t\t\t\t\t<div class=\"elementor-element elementor-element-662cb058 elementor-widget elementor-widget-stm_sidebar\" data-id=\"662cb058\" data-element_type=\"widget\" data-widget_type=\"stm_sidebar.default\">\n\t\t\t\t<div class=\"elementor-widget-container\">\n\t\t\t\t\t\n<div class=\"stm_sidebar consulting_elementor_sidebar\">\n\n            \t\t<div data-elementor-type=\"wp-post\" data-elementor-id=\"10177\" class=\"elementor elementor-10177 elementor-311\">\n\t\t\t\t\t\t<section class=\"elementor-section elementor-top-section elementor-element elementor-element-1a39e9e elementor-section-boxed elementor-section-height-default elementor-section-height-default\" data-id=\"1a39e9e\" data-element_type=\"section\" data-settings=\"{&quot;background_background&quot;:&quot;classic&quot;}\">\n\t\t\t\t\t\t<div class=\"elementor-container elementor-column-gap-default\">\n\t\t\t\t\t<div class=\"elementor-column elementor-col-100 elementor-top-column elementor-element elementor-element-1a3a7d4\" data-id=\"1a3a7d4\" data-element_type=\"column\">\n\t\t\t<div class=\"elementor-widget-wrap elementor-element-populated\">\n\t\t\t\t\t\t<div class=\"elementor-element elementor-element-1a3b02e elementor-align-left elementor-widget elementor-widget-button\" data-id=\"1a3b02e\" data-element_type=\"widget\" data-widget_type=\"button.default\">\n\t\t\t\t<div class=\"elementor-widget-container\">\n\t\t\t\t\t\t\t\t\t<div class=\"elementor-button-wrapper icon_align_  button_block\">\n\t\t\t\t\t<a class=\"elementor-button elementor-button-link elementor-size-lg\" href=\"https:\/\/skyfibertech.com\/wp-content\/uploads\/2021\/08\/fiber-blowing-all-machines-catalog.pdf\">\n\t\t\t\t\t\t<span class=\"elementor-button-content-wrapper\">\n\t\t\t\t\t\t<span class=\"elementor-button-icon\">\n\t\t\t\t<i aria-hidden=\"true\" class=\"fa fa-file-pdf-o\"><\/i>\t\t\t<\/span>\n\t\t\t\t\t\t\t\t\t<span class=\"elementor-button-text\">Our Catalog<\/span>\n\t\t\t\t\t<\/span>\n\t\t\t\t\t<\/a>\n\t\t\t\t<\/div>\n\t\t\t\t\t\t\t\t<\/div>\n\t\t\t\t<\/div>\n\t\t\t\t\t<\/div>\n\t\t<\/div>\n\t\t\t\t\t<\/div>\n\t\t<\/section>\n\t\t\t\t<section class=\"elementor-section elementor-top-section elementor-element elementor-element-1a3bbd0 elementor-section-boxed elementor-section-height-default elementor-section-height-default\" data-id=\"1a3bbd0\" data-element_type=\"section\" data-settings=\"{&quot;background_background&quot;:&quot;classic&quot;}\">\n\t\t\t\t\t\t<div class=\"elementor-container elementor-column-gap-default\">\n\t\t\t\t\t<div class=\"elementor-column elementor-col-100 elementor-top-column elementor-element elementor-element-1a3c2b4\" data-id=\"1a3c2b4\" data-element_type=\"column\" data-settings=\"{&quot;background_background&quot;:&quot;classic&quot;}\">\n\t\t\t<div class=\"elementor-widget-wrap elementor-element-populated\">\n\t\t\t\t\t\t<div class=\"elementor-element elementor-element-1a3c898 elementor-widget elementor-widget-vc_custom_heading\" data-id=\"1a3c898\" data-element_type=\"widget\" data-widget_type=\"vc_custom_heading.default\">\n\t\t\t\t<div class=\"elementor-widget-container\">\n\t\t\t\t\t<div class=\" vc_custom_heading  consulting_heading_font  text_align_left title_no_stripe\" ><h4 style=\"font-size: 16px;text-align: left;font-weight:700\" class=\"consulting-custom-title\">Innovative and Quality\n<\/h4><\/div>\t\t\t\t<\/div>\n\t\t\t\t<\/div>\n\t\t\t\t<div class=\"elementor-element elementor-element-1a3cc4d elementor-widget elementor-widget-text-editor\" data-id=\"1a3cc4d\" data-element_type=\"widget\" data-widget_type=\"text-editor.default\">\n\t\t\t\t<div class=\"elementor-widget-container\">\n\t\t\t\t\t\t\t\t\t<p><span style=\"font-size: 13px; line-height: 22px;\">We are always looking for ways to improve our products, to make them more productive and efficient.<\/span><\/p>\n\t\t\t\t\t\t\t\t<\/div>\n\t\t\t\t<\/div>\n\t\t\t\t<div class=\"elementor-element elementor-element-1a3ce8d elementor-widget__width-auto elementor-widget elementor-widget-button\" data-id=\"1a3ce8d\" data-element_type=\"widget\" data-widget_type=\"button.default\">\n\t\t\t\t<div class=\"elementor-widget-container\">\n\t\t\t\t\t\t\t\t\t<div class=\"elementor-button-wrapper icon_align_  \">\n\t\t\t\t\t<a class=\"elementor-button elementor-button-link elementor-size-sm\" href=\"https:\/\/allame.net\/iletisim-bilgileri\/\">\n\t\t\t\t\t\t<span class=\"elementor-button-content-wrapper\">\n\t\t\t\t\t\t<span class=\"elementor-button-icon\">\n\t\t\t\t<i aria-hidden=\"true\" class=\"fa fa-phone-square\"><\/i>\t\t\t<\/span>\n\t\t\t\t\t\t\t\t\t<span class=\"elementor-button-text\">contact details<\/span>\n\t\t\t\t\t<\/span>\n\t\t\t\t\t<\/a>\n\t\t\t\t<\/div>\n\t\t\t\t\t\t\t\t<\/div>\n\t\t\t\t<\/div>\n\t\t\t\t\t<\/div>\n\t\t<\/div>\n\t\t\t\t\t<\/div>\n\t\t<\/section>\n\t\t\t\t<section class=\"elementor-section elementor-top-section elementor-element elementor-element-1a3dbf7 elementor-section-boxed elementor-section-height-default elementor-section-height-default\" data-id=\"1a3dbf7\" data-element_type=\"section\">\n\t\t\t\t\t\t<div class=\"elementor-container elementor-column-gap-default\">\n\t\t\t\t\t<div class=\"elementor-column elementor-col-100 elementor-top-column elementor-element elementor-element-1a3e49e\" data-id=\"1a3e49e\" data-element_type=\"column\">\n\t\t\t<div class=\"elementor-widget-wrap elementor-element-populated\">\n\t\t\t\t\t\t<div class=\"elementor-element elementor-element-5164bc5 elementor-widget elementor-widget-image\" data-id=\"5164bc5\" data-element_type=\"widget\" data-widget_type=\"image.default\">\n\t\t\t\t<div class=\"elementor-widget-container\">\n\t\t\t\t\t\t\t\t\t\t\t\t\t\t\t\t<a href=\"https:\/\/skyfibertech.com\">\n\t\t\t\t\t\t\t<img decoding=\"async\" width=\"255\" height=\"135\" src=\"https:\/\/allame.net\/wp-content\/uploads\/2016\/01\/telekominikasyon-sektoru-kablo-ufleme-makinalari.webp\" class=\"attachment-large size-large wp-image-9533\" alt=\"\" \/>\t\t\t\t\t\t\t\t<\/a>\n\t\t\t\t\t\t\t\t\t\t\t\t\t\t\t<\/div>\n\t\t\t\t<\/div>\n\t\t\t\t<div class=\"elementor-element elementor-element-652bb86 elementor-widget elementor-widget-image\" data-id=\"652bb86\" data-element_type=\"widget\" data-widget_type=\"image.default\">\n\t\t\t\t<div class=\"elementor-widget-container\">\n\t\t\t\t\t\t\t\t\t\t\t\t\t\t\t\t<a href=\"https:\/\/cabledrumtrailer.com\">\n\t\t\t\t\t\t\t<img decoding=\"async\" width=\"255\" height=\"135\" src=\"https:\/\/allame.net\/wp-content\/uploads\/2016\/01\/enerji-sektoru-kablo-tasima-romorklari-1.webp\" class=\"attachment-large size-large wp-image-9361\" alt=\"\" \/>\t\t\t\t\t\t\t\t<\/a>\n\t\t\t\t\t\t\t\t\t\t\t\t\t\t\t<\/div>\n\t\t\t\t<\/div>\n\t\t\t\t<div class=\"elementor-element elementor-element-ce19918 elementor-widget elementor-widget-image\" data-id=\"ce19918\" data-element_type=\"widget\" data-widget_type=\"image.default\">\n\t\t\t\t<div class=\"elementor-widget-container\">\n\t\t\t\t\t\t\t\t\t\t\t\t\t\t\t\t<a href=\"https:\/\/garatrain.com\">\n\t\t\t\t\t\t\t<img loading=\"lazy\" decoding=\"async\" width=\"255\" height=\"135\" src=\"https:\/\/allame.net\/wp-content\/uploads\/2016\/01\/eglence-sektoru-elektrikli-trenler-1a.webp\" class=\"attachment-large size-large wp-image-9365\" alt=\"\" \/>\t\t\t\t\t\t\t\t<\/a>\n\t\t\t\t\t\t\t\t\t\t\t\t\t\t\t<\/div>\n\t\t\t\t<\/div>\n\t\t\t\t<div class=\"elementor-element elementor-element-83ccf4e elementor-widget elementor-widget-image\" data-id=\"83ccf4e\" data-element_type=\"widget\" data-widget_type=\"image.default\">\n\t\t\t\t<div class=\"elementor-widget-container\">\n\t\t\t\t\t\t\t\t\t\t\t\t\t\t\t\t<a href=\"https:\/\/skybortech.com\">\n\t\t\t\t\t\t\t<img loading=\"lazy\" decoding=\"async\" width=\"500\" height=\"265\" src=\"https:\/\/allame.net\/wp-content\/uploads\/2016\/01\/seyyar-torna-makinalari-sidebar.webp\" class=\"attachment-large size-large wp-image-9553\" alt=\"\" srcset=\"https:\/\/allame.net\/wp-content\/uploads\/2016\/01\/seyyar-torna-makinalari-sidebar.webp 500w, https:\/\/allame.net\/wp-content\/uploads\/2016\/01\/seyyar-torna-makinalari-sidebar-300x159.webp 300w\" sizes=\"(max-width: 500px) 100vw, 500px\" \/>\t\t\t\t\t\t\t\t<\/a>\n\t\t\t\t\t\t\t\t\t\t\t\t\t\t\t<\/div>\n\t\t\t\t<\/div>\n\t\t\t\t\t<\/div>\n\t\t<\/div>\n\t\t\t\t\t<\/div>\n\t\t<\/section>\n\t\t\t\t<\/div>\n\t\t    \n<\/div>\t\t\t\t<\/div>\n\t\t\t\t<\/div>\n\t\t\t\t\t<\/div>\n\t\t<\/div>\n\t\t\t\t\t<\/div>\n\t\t<\/section>\n\t\t\t\t<section class=\"elementor-section elementor-top-section elementor-element elementor-element-8e0c2f6 third_bg_color elementor-section-boxed elementor-section-height-default elementor-section-height-default\" data-id=\"8e0c2f6\" data-element_type=\"section\" data-settings=\"{&quot;background_background&quot;:&quot;classic&quot;}\">\n\t\t\t\t\t\t<div class=\"elementor-container elementor-column-gap-default\">\n\t\t\t\t\t<div class=\"elementor-column elementor-col-100 elementor-top-column elementor-element elementor-element-11907b80\" data-id=\"11907b80\" data-element_type=\"column\">\n\t\t\t<div class=\"elementor-widget-wrap elementor-element-populated\">\n\t\t\t\t\t\t<div class=\"elementor-element elementor-element-172ad8aa elementor-widget elementor-widget-vc_cta\" data-id=\"172ad8aa\" data-element_type=\"widget\" data-widget_type=\"vc_cta.default\">\n\t\t\t\t<div class=\"elementor-widget-container\">\n\t\t\t\t\t\n<div class=\"ce_cta ce_cta_5659d57fed4312f89ba472cfdbf4cf53 ce_text_left third_bg_color add_button_right btn_align_right btn_button_block_true btn_has_icon btn_has_icon_on_the_right\" id=\"\">\n\n    <div class=\"ce_cta__content\">\n        <div class=\"ce_cta__content__header\">\n            <h2  class='ce_cta__content__title '>Please contact us for detailed information about our products.<\/h2>                    <\/div>\n\n        \n    <\/div>\n\n    \n        <div class=\"ce_cta__action\">\n            <a href=\"https:\/\/allame.net\/en\/contact-information\/\"\n                              target=\"_self\"\n               class=\"button \">\n                <span>request offer<\/span>\n                                    <i class=\"fa fa-chevron-right\"><\/i>\n                            <\/a>\n        <\/div>\n\n    \n<\/div>\n\t\t\t\t<\/div>\n\t\t\t\t<\/div>\n\t\t\t\t\t<\/div>\n\t\t<\/div>\n\t\t\t\t\t<\/div>\n\t\t<\/section>\n\t\t\t\t<\/div>\n\t\t","protected":false},"excerpt":{"rendered":"<p>Our company, which continues its production in telecommunication, energy and entertainment sectors and whose foundations were laid in 1985, started to use the name Allame Makina since 2002. Our company, which has cable blowing and pulling machines, cable transport trailers, electric recreational vehicles and many other different production capabilities, has always aimed to offer its<\/p>\n","protected":false},"author":2,"featured_media":9357,"parent":0,"menu_order":0,"comment_status":"closed","ping_status":"closed","template":"","meta":{"_joinchat":[],"footnotes":""},"class_list":["post-10744","page","type-page","status-publish","has-post-thumbnail","hentry"],"yoast_head":"<!-- This site is optimized with the Yoast SEO plugin v25.9 - https:\/\/yoast.com\/wordpress\/plugins\/seo\/ -->\n<title>History - Allame Makina<\/title>\n<meta name=\"description\" content=\"Allame Makina is a well-established company that has been manufacturing machinery in the telecommunications, energy and electric recreational vehicles sectors since 1985.\" \/>\n<meta name=\"robots\" content=\"index, follow, max-snippet:-1, max-image-preview:large, max-video-preview:-1\" \/>\n<link rel=\"canonical\" href=\"https:\/\/allame.net\/en\/history\/\" \/>\n<meta property=\"og:locale\" content=\"en_US\" \/>\n<meta property=\"og:type\" content=\"article\" \/>\n<meta property=\"og:title\" content=\"History - Allame Makina\" \/>\n<meta property=\"og:description\" content=\"Allame Makina is a well-established company that has been manufacturing machinery in the telecommunications, energy and electric recreational vehicles sectors since 1985.\" \/>\n<meta property=\"og:url\" content=\"https:\/\/allame.net\/en\/history\/\" \/>\n<meta property=\"og:site_name\" content=\"Allame Makina\" \/>\n<meta property=\"article:publisher\" content=\"https:\/\/www.facebook.com\/skyfibertech\/\" \/>\n<meta property=\"article:modified_time\" content=\"2025-02-07T11:52:14+00:00\" \/>\n<meta property=\"og:image\" content=\"https:\/\/allame.net\/wp-content\/uploads\/2024\/12\/allame-tarihce.webp\" \/>\n\t<meta property=\"og:image:width\" content=\"1200\" \/>\n\t<meta property=\"og:image:height\" content=\"633\" \/>\n\t<meta property=\"og:image:type\" content=\"image\/webp\" \/>\n<meta name=\"twitter:card\" content=\"summary_large_image\" \/>\n<meta name=\"twitter:site\" content=\"@SkyFiberTech1\" \/>\n<meta name=\"twitter:label1\" content=\"Est. reading time\" \/>\n\t<meta name=\"twitter:data1\" content=\"3 minutes\" \/>\n<script type=\"application\/ld+json\" class=\"yoast-schema-graph\">{\"@context\":\"https:\/\/schema.org\",\"@graph\":[{\"@type\":\"WebPage\",\"@id\":\"https:\/\/allame.net\/en\/history\/\",\"url\":\"https:\/\/allame.net\/en\/history\/\",\"name\":\"History - Allame Makina\",\"isPartOf\":{\"@id\":\"https:\/\/allame.net\/en\/#website\"},\"primaryImageOfPage\":{\"@id\":\"https:\/\/allame.net\/en\/history\/#primaryimage\"},\"image\":{\"@id\":\"https:\/\/allame.net\/en\/history\/#primaryimage\"},\"thumbnailUrl\":\"https:\/\/allame.net\/wp-content\/uploads\/2024\/12\/allame-tarihce.webp\",\"datePublished\":\"2020-06-25T10:40:49+00:00\",\"dateModified\":\"2025-02-07T11:52:14+00:00\",\"description\":\"Allame Makina is a well-established company that has been manufacturing machinery in the telecommunications, energy and electric recreational vehicles sectors since 1985.\",\"breadcrumb\":{\"@id\":\"https:\/\/allame.net\/en\/history\/#breadcrumb\"},\"inLanguage\":\"en-US\",\"potentialAction\":[{\"@type\":\"ReadAction\",\"target\":[\"https:\/\/allame.net\/en\/history\/\"]}]},{\"@type\":\"ImageObject\",\"inLanguage\":\"en-US\",\"@id\":\"https:\/\/allame.net\/en\/history\/#primaryimage\",\"url\":\"https:\/\/allame.net\/wp-content\/uploads\/2024\/12\/allame-tarihce.webp\",\"contentUrl\":\"https:\/\/allame.net\/wp-content\/uploads\/2024\/12\/allame-tarihce.webp\",\"width\":1200,\"height\":633},{\"@type\":\"BreadcrumbList\",\"@id\":\"https:\/\/allame.net\/en\/history\/#breadcrumb\",\"itemListElement\":[{\"@type\":\"ListItem\",\"position\":1,\"name\":\"Home\",\"item\":\"https:\/\/allame.net\/en\/\"},{\"@type\":\"ListItem\",\"position\":2,\"name\":\"History\"}]},{\"@type\":\"WebSite\",\"@id\":\"https:\/\/allame.net\/en\/#website\",\"url\":\"https:\/\/allame.net\/en\/\",\"name\":\"Allame Makina\",\"description\":\"Fiber optik kablo \u00fcfleme ve \u00e7ekme makinalar\u0131\",\"publisher\":{\"@id\":\"https:\/\/allame.net\/en\/#organization\"},\"potentialAction\":[{\"@type\":\"SearchAction\",\"target\":{\"@type\":\"EntryPoint\",\"urlTemplate\":\"https:\/\/allame.net\/en\/?s={search_term_string}\"},\"query-input\":{\"@type\":\"PropertyValueSpecification\",\"valueRequired\":true,\"valueName\":\"search_term_string\"}}],\"inLanguage\":\"en-US\"},{\"@type\":\"Organization\",\"@id\":\"https:\/\/allame.net\/en\/#organization\",\"name\":\"Allame Makina\",\"url\":\"https:\/\/allame.net\/en\/\",\"logo\":{\"@type\":\"ImageObject\",\"inLanguage\":\"en-US\",\"@id\":\"https:\/\/allame.net\/en\/#\/schema\/logo\/image\/\",\"url\":\"https:\/\/allame.net\/wp-content\/uploads\/2019\/09\/Allame-logo-kucuk.png\",\"contentUrl\":\"https:\/\/allame.net\/wp-content\/uploads\/2019\/09\/Allame-logo-kucuk.png\",\"width\":196,\"height\":71,\"caption\":\"Allame Makina\"},\"image\":{\"@id\":\"https:\/\/allame.net\/en\/#\/schema\/logo\/image\/\"},\"sameAs\":[\"https:\/\/www.facebook.com\/skyfibertech\/\",\"https:\/\/x.com\/SkyFiberTech1\",\"https:\/\/www.instagram.com\/allamemakina\"]}]}<\/script>\n<!-- \/ Yoast SEO plugin. -->","yoast_head_json":{"title":"History - Allame Makina","description":"Allame Makina is a well-established company that has been manufacturing machinery in the telecommunications, energy and electric recreational vehicles sectors since 1985.","robots":{"index":"index","follow":"follow","max-snippet":"max-snippet:-1","max-image-preview":"max-image-preview:large","max-video-preview":"max-video-preview:-1"},"canonical":"https:\/\/allame.net\/en\/history\/","og_locale":"en_US","og_type":"article","og_title":"History - Allame Makina","og_description":"Allame Makina is a well-established company that has been manufacturing machinery in the telecommunications, energy and electric recreational vehicles sectors since 1985.","og_url":"https:\/\/allame.net\/en\/history\/","og_site_name":"Allame Makina","article_publisher":"https:\/\/www.facebook.com\/skyfibertech\/","article_modified_time":"2025-02-07T11:52:14+00:00","og_image":[{"width":1200,"height":633,"url":"https:\/\/allame.net\/wp-content\/uploads\/2024\/12\/allame-tarihce.webp","type":"image\/webp"}],"twitter_card":"summary_large_image","twitter_site":"@SkyFiberTech1","twitter_misc":{"Est. reading time":"3 minutes"},"schema":{"@context":"https:\/\/schema.org","@graph":[{"@type":"WebPage","@id":"https:\/\/allame.net\/en\/history\/","url":"https:\/\/allame.net\/en\/history\/","name":"History - Allame Makina","isPartOf":{"@id":"https:\/\/allame.net\/en\/#website"},"primaryImageOfPage":{"@id":"https:\/\/allame.net\/en\/history\/#primaryimage"},"image":{"@id":"https:\/\/allame.net\/en\/history\/#primaryimage"},"thumbnailUrl":"https:\/\/allame.net\/wp-content\/uploads\/2024\/12\/allame-tarihce.webp","datePublished":"2020-06-25T10:40:49+00:00","dateModified":"2025-02-07T11:52:14+00:00","description":"Allame Makina is a well-established company that has been manufacturing machinery in the telecommunications, energy and electric recreational vehicles sectors since 1985.","breadcrumb":{"@id":"https:\/\/allame.net\/en\/history\/#breadcrumb"},"inLanguage":"en-US","potentialAction":[{"@type":"ReadAction","target":["https:\/\/allame.net\/en\/history\/"]}]},{"@type":"ImageObject","inLanguage":"en-US","@id":"https:\/\/allame.net\/en\/history\/#primaryimage","url":"https:\/\/allame.net\/wp-content\/uploads\/2024\/12\/allame-tarihce.webp","contentUrl":"https:\/\/allame.net\/wp-content\/uploads\/2024\/12\/allame-tarihce.webp","width":1200,"height":633},{"@type":"BreadcrumbList","@id":"https:\/\/allame.net\/en\/history\/#breadcrumb","itemListElement":[{"@type":"ListItem","position":1,"name":"Home","item":"https:\/\/allame.net\/en\/"},{"@type":"ListItem","position":2,"name":"History"}]},{"@type":"WebSite","@id":"https:\/\/allame.net\/en\/#website","url":"https:\/\/allame.net\/en\/","name":"Allame Makina","description":"Fiber optik kablo \u00fcfleme ve \u00e7ekme makinalar\u0131","publisher":{"@id":"https:\/\/allame.net\/en\/#organization"},"potentialAction":[{"@type":"SearchAction","target":{"@type":"EntryPoint","urlTemplate":"https:\/\/allame.net\/en\/?s={search_term_string}"},"query-input":{"@type":"PropertyValueSpecification","valueRequired":true,"valueName":"search_term_string"}}],"inLanguage":"en-US"},{"@type":"Organization","@id":"https:\/\/allame.net\/en\/#organization","name":"Allame Makina","url":"https:\/\/allame.net\/en\/","logo":{"@type":"ImageObject","inLanguage":"en-US","@id":"https:\/\/allame.net\/en\/#\/schema\/logo\/image\/","url":"https:\/\/allame.net\/wp-content\/uploads\/2019\/09\/Allame-logo-kucuk.png","contentUrl":"https:\/\/allame.net\/wp-content\/uploads\/2019\/09\/Allame-logo-kucuk.png","width":196,"height":71,"caption":"Allame Makina"},"image":{"@id":"https:\/\/allame.net\/en\/#\/schema\/logo\/image\/"},"sameAs":["https:\/\/www.facebook.com\/skyfibertech\/","https:\/\/x.com\/SkyFiberTech1","https:\/\/www.instagram.com\/allamemakina"]}]}},"_links":{"self":[{"href":"https:\/\/allame.net\/en\/wp-json\/wp\/v2\/pages\/10744","targetHints":{"allow":["GET"]}}],"collection":[{"href":"https:\/\/allame.net\/en\/wp-json\/wp\/v2\/pages"}],"about":[{"href":"https:\/\/allame.net\/en\/wp-json\/wp\/v2\/types\/page"}],"author":[{"embeddable":true,"href":"https:\/\/allame.net\/en\/wp-json\/wp\/v2\/users\/2"}],"replies":[{"embeddable":true,"href":"https:\/\/allame.net\/en\/wp-json\/wp\/v2\/comments?post=10744"}],"version-history":[{"count":0,"href":"https:\/\/allame.net\/en\/wp-json\/wp\/v2\/pages\/10744\/revisions"}],"wp:featuredmedia":[{"embeddable":true,"href":"https:\/\/allame.net\/en\/wp-json\/wp\/v2\/media\/9357"}],"wp:attachment":[{"href":"https:\/\/allame.net\/en\/wp-json\/wp\/v2\/media?parent=10744"}],"curies":[{"name":"wp","href":"https:\/\/api.w.org\/{rel}","templated":true}]}}