{"id":10616,"date":"2024-12-30T18:27:20","date_gmt":"2024-12-30T18:27:20","guid":{"rendered":"https:\/\/allame.net\/frequently-asked-questions\/"},"modified":"2025-02-05T09:32:29","modified_gmt":"2025-02-05T09:32:29","slug":"frequently-asked-questions","status":"publish","type":"page","link":"https:\/\/allame.net\/en\/frequently-asked-questions\/","title":{"rendered":"Frequently Asked Questions"},"content":{"rendered":"<p>[vc_row][vc_column offset=&#8221;vc_col-lg-8 vc_col-md-8&#8243;][vc_tta_accordion style=&#8221;outline&#8221; shape=&#8221;square&#8221; color=&#8221;blue&#8221; c_position=&#8221;right&#8221; active_section=&#8221;1&#8243;][vc_tta_section title=&#8221;What are the usage areas of mobile lathe machines?&#8221; tab_id=&#8221;1574338169950-e0b9e6a6-2cc6d7bc-7bdd&#8221;][vc_column_text]<a href=\"https:\/\/allame.net\/es\/?post_type=stm_service&#038;p=10217\">Mobile lathes<\/a> are used in a wide range of industrial maintenance and repair projects, from pipe repair to flange repair.[\/vc_column_text][\/vc_tta_section][vc_tta_section title=&#8221;For which projects are fiber optic cable blowing machines suitable?&#8221; tab_id=&#8221;1574338209493-2bde497c-9fb4d7bc-7bdd&#8221;][vc_column_text]These machines are ideal for jobs requiring speed and precision in long-distance fiber optic cable laying projects.[\/vc_column_text][\/vc_tta_section][vc_tta_section title=&#8221;What is the warranty period of your products?&#8221; tab_id=&#8221;1574338208492-e38519b2-252cd7bc-7bdd&#8221;][vc_column_text]All our products are offered with a 2-year manufacturer&#8217;s warranty and technical support service.[\/vc_column_text][\/vc_tta_section][vc_tta_section title=&#8221;How does your technical support service work?&#8221; tab_id=&#8221;1574338207987-d1d0ac2b-e38bd7bc-7bdd&#8221;][vc_column_text]After sales, our team of experts assists our customers by phone, email or on-site support.[\/vc_column_text][\/vc_tta_section][vc_tta_section title=&#8221;What are the maintenance requirements for fiber optic cable blowing machines?&#8221; tab_id=&#8221;1574397812647-99a54a4b-1e29d7bc-7bdd&#8221;][vc_column_text]With regular cleaning and lubrication, the performance of the machines can be maintained for a long time.[\/vc_column_text][\/vc_tta_section][vc_tta_section title=&#8221;Are spare parts available for your products?&#8221; tab_id=&#8221;1574397890371-5142bfca-d217d7bc-7bdd&#8221;][vc_column_text]Yes, we offer spare parts supply service for all our products.[\/vc_column_text][\/vc_tta_section][vc_tta_section title=&#8221;Do you send your products abroad?&#8221; tab_id=&#8221;1574397899955-e0fdfa6e-d23cd7bc-7bdd&#8221;][vc_column_text]Yes, we ship our products to international markets and provide logistical support.[\/vc_column_text][\/vc_tta_section][vc_tta_section title=&#8221;Which payment methods do you accept?&#8221; tab_id=&#8221;1574397912180-543d82a5-3462d7bc-7bdd&#8221;][vc_column_text]We accept bank transfer, credit card and international payment methods.[\/vc_column_text][\/vc_tta_section][vc_tta_section title=&#8221;What diameter pipes are cable blowing machines compatible with?&#8221; tab_id=&#8221;1574397915650-1f030d90-611cd7bc-7bdd&#8221;][vc_column_text]<a href=\"https:\/\/skyfibertech.com\/cable-blowing-machines\/\">Our machines<\/a> are compatible with pipe diameters ranging from 7 mm to 40 mm.[\/vc_column_text][\/vc_tta_section][vc_tta_section title=&#8221;Do you offer customized solutions for special projects?&#8221; tab_id=&#8221;1574397920191-e0608f7e-2b70d7bc-7bdd&#8221;][vc_column_text]Yes, we offer customized machines and solutions to suit customer needs.[\/vc_column_text][\/vc_tta_section][vc_tta_section title=&#8221;Which materials can your mobile lathes work on?&#8221; tab_id=&#8221;1574397924761-1640dfbf-cd09d7bc-7bdd&#8221;][vc_column_text]Our machines can perform precision machining on steel, aluminum, stainless steel and other metals.[\/vc_column_text][\/vc_tta_section][vc_tta_section title=&#8221;Are your products CE certified?&#8221; tab_id=&#8221;1735583096460-92023a4f-0e48&#8243;][vc_column_text]Yes, all our products comply with international quality and safety standards.[\/vc_column_text][\/vc_tta_section][\/vc_tta_accordion][\/vc_column][vc_column css=&#8221;.vc_custom_1576238094836{padding-right: 30px !important;padding-left: 30px !important;}&#8221; offset=&#8221;vc_col-lg-4 vc_col-md-4&#8243;][vc_row_inner el_class=&#8221;third_bg_color&#8221;][vc_column_inner css=&#8221;.vc_custom_1597642335605{padding-top: 37px !important;padding-right: 30px !important;padding-bottom: 40px !important;padding-left: 30px !important;}&#8221;][vc_custom_heading text=&#8221;How can we help you?&#8221; font_container=&#8221;tag:div|font_size:16px|text_align:left|color:%23222222&#8243; google_fonts=&#8221;font_family:Montserrat%3Aregular%2C700|font_style:700%20bold%20regular%3A700%3Anormal&#8221; el_class=&#8221;remove_padding&#8221; css=&#8221;.vc_custom_1735583478045{margin-bottom: 9px !important;}&#8221;][vc_column_text css=&#8221;.vc_custom_1735583514608{margin-bottom: 17px !important;}&#8221;]<span style=\"font-size: 13px; line-height: 22px;\">Please contact us for detailed information about our products.<\/span>[\/vc_column_text][vc_btn title=&#8221;contact us&#8221; style=&#8221;flat&#8221; color=&#8221;white&#8221; size=&#8221;sm&#8221; i_icon_fontawesome=&#8221;fas fa-phone-square-alt&#8221; add_icon=&#8221;true&#8221; link=&#8221;url:https%3A%2F%2Fallame.net%2Filetisim-bilgileri%2F|title:Contact|&#8221;][\/vc_column_inner][\/vc_row_inner][\/vc_column][\/vc_row]<\/p>\n","protected":false},"excerpt":{"rendered":"<p>[vc_row][vc_column offset=&#8221;vc_col-lg-8 vc_col-md-8&#8243;][vc_tta_accordion style=&#8221;outline&#8221; shape=&#8221;square&#8221; color=&#8221;blue&#8221; c_position=&#8221;right&#8221; active_section=&#8221;1&#8243;][vc_tta_section title=&#8221;What are the usage areas of mobile lathe machines?&#8221; tab_id=&#8221;1574338169950-e0b9e6a6-2cc6d7bc-7bdd&#8221;][vc_column_text]Mobile lathes are used in a wide range of industrial maintenance and repair projects, from pipe repair to flange repair.[\/vc_column_text][\/vc_tta_section][vc_tta_section title=&#8221;For which projects are fiber optic cable blowing machines suitable?&#8221; tab_id=&#8221;1574338209493-2bde497c-9fb4d7bc-7bdd&#8221;][vc_column_text]These machines are ideal for jobs requiring speed<\/p>\n","protected":false},"author":1,"featured_media":9589,"parent":0,"menu_order":0,"comment_status":"closed","ping_status":"closed","template":"","meta":{"_joinchat":[],"footnotes":""},"class_list":["post-10616","page","type-page","status-publish","has-post-thumbnail","hentry"],"yoast_head":"<!-- This site is optimized with the Yoast SEO plugin v25.9 - https:\/\/yoast.com\/wordpress\/plugins\/seo\/ -->\n<title>Frequently Asked Questions - Allame Makina<\/title>\n<meta name=\"description\" content=\"Here you can find answers to the most curious questions about Allame Makina. Get detailed information about our products.\" \/>\n<meta name=\"robots\" content=\"index, follow, max-snippet:-1, max-image-preview:large, max-video-preview:-1\" \/>\n<link rel=\"canonical\" href=\"https:\/\/allame.net\/en\/frequently-asked-questions\/\" \/>\n<meta property=\"og:locale\" content=\"en_US\" \/>\n<meta property=\"og:type\" content=\"article\" \/>\n<meta property=\"og:title\" content=\"Frequently Asked Questions - Allame Makina\" \/>\n<meta property=\"og:description\" content=\"Here you can find answers to the most curious questions about Allame Makina. Get detailed information about our products.\" \/>\n<meta property=\"og:url\" content=\"https:\/\/allame.net\/en\/frequently-asked-questions\/\" \/>\n<meta property=\"og:site_name\" content=\"Allame Makina\" \/>\n<meta property=\"article:publisher\" content=\"https:\/\/www.facebook.com\/skyfibertech\/\" \/>\n<meta property=\"article:modified_time\" content=\"2025-02-05T09:32:29+00:00\" \/>\n<meta property=\"og:image\" content=\"https:\/\/allame.net\/wp-content\/uploads\/2025\/01\/sikca-sorulan-sorular.webp\" \/>\n\t<meta property=\"og:image:width\" content=\"1000\" \/>\n\t<meta property=\"og:image:height\" content=\"1020\" \/>\n\t<meta property=\"og:image:type\" content=\"image\/webp\" \/>\n<meta name=\"twitter:card\" content=\"summary_large_image\" \/>\n<meta name=\"twitter:site\" content=\"@SkyFiberTech1\" \/>\n<meta name=\"twitter:label1\" content=\"Est. reading time\" \/>\n\t<meta name=\"twitter:data1\" content=\"3 minutes\" \/>\n<script type=\"application\/ld+json\" class=\"yoast-schema-graph\">{\"@context\":\"https:\/\/schema.org\",\"@graph\":[{\"@type\":\"WebPage\",\"@id\":\"https:\/\/allame.net\/en\/frequently-asked-questions\/\",\"url\":\"https:\/\/allame.net\/en\/frequently-asked-questions\/\",\"name\":\"Frequently Asked Questions - Allame Makina\",\"isPartOf\":{\"@id\":\"https:\/\/allame.net\/en\/#website\"},\"primaryImageOfPage\":{\"@id\":\"https:\/\/allame.net\/en\/frequently-asked-questions\/#primaryimage\"},\"image\":{\"@id\":\"https:\/\/allame.net\/en\/frequently-asked-questions\/#primaryimage\"},\"thumbnailUrl\":\"https:\/\/allame.net\/wp-content\/uploads\/2025\/01\/sikca-sorulan-sorular.webp\",\"datePublished\":\"2024-12-30T18:27:20+00:00\",\"dateModified\":\"2025-02-05T09:32:29+00:00\",\"description\":\"Here you can find answers to the most curious questions about Allame Makina. Get detailed information about our products.\",\"breadcrumb\":{\"@id\":\"https:\/\/allame.net\/en\/frequently-asked-questions\/#breadcrumb\"},\"inLanguage\":\"en-US\",\"potentialAction\":[{\"@type\":\"ReadAction\",\"target\":[\"https:\/\/allame.net\/en\/frequently-asked-questions\/\"]}]},{\"@type\":\"ImageObject\",\"inLanguage\":\"en-US\",\"@id\":\"https:\/\/allame.net\/en\/frequently-asked-questions\/#primaryimage\",\"url\":\"https:\/\/allame.net\/wp-content\/uploads\/2025\/01\/sikca-sorulan-sorular.webp\",\"contentUrl\":\"https:\/\/allame.net\/wp-content\/uploads\/2025\/01\/sikca-sorulan-sorular.webp\",\"width\":1000,\"height\":1020},{\"@type\":\"BreadcrumbList\",\"@id\":\"https:\/\/allame.net\/en\/frequently-asked-questions\/#breadcrumb\",\"itemListElement\":[{\"@type\":\"ListItem\",\"position\":1,\"name\":\"Home\",\"item\":\"https:\/\/allame.net\/en\/\"},{\"@type\":\"ListItem\",\"position\":2,\"name\":\"Frequently Asked Questions\"}]},{\"@type\":\"WebSite\",\"@id\":\"https:\/\/allame.net\/en\/#website\",\"url\":\"https:\/\/allame.net\/en\/\",\"name\":\"Allame Makina\",\"description\":\"Fiber optik kablo \u00fcfleme ve \u00e7ekme makinalar\u0131\",\"publisher\":{\"@id\":\"https:\/\/allame.net\/en\/#organization\"},\"potentialAction\":[{\"@type\":\"SearchAction\",\"target\":{\"@type\":\"EntryPoint\",\"urlTemplate\":\"https:\/\/allame.net\/en\/?s={search_term_string}\"},\"query-input\":{\"@type\":\"PropertyValueSpecification\",\"valueRequired\":true,\"valueName\":\"search_term_string\"}}],\"inLanguage\":\"en-US\"},{\"@type\":\"Organization\",\"@id\":\"https:\/\/allame.net\/en\/#organization\",\"name\":\"Allame Makina\",\"url\":\"https:\/\/allame.net\/en\/\",\"logo\":{\"@type\":\"ImageObject\",\"inLanguage\":\"en-US\",\"@id\":\"https:\/\/allame.net\/en\/#\/schema\/logo\/image\/\",\"url\":\"https:\/\/allame.net\/wp-content\/uploads\/2019\/09\/Allame-logo-kucuk.png\",\"contentUrl\":\"https:\/\/allame.net\/wp-content\/uploads\/2019\/09\/Allame-logo-kucuk.png\",\"width\":196,\"height\":71,\"caption\":\"Allame Makina\"},\"image\":{\"@id\":\"https:\/\/allame.net\/en\/#\/schema\/logo\/image\/\"},\"sameAs\":[\"https:\/\/www.facebook.com\/skyfibertech\/\",\"https:\/\/x.com\/SkyFiberTech1\",\"https:\/\/www.instagram.com\/allamemakina\"]}]}<\/script>\n<!-- \/ Yoast SEO plugin. -->","yoast_head_json":{"title":"Frequently Asked Questions - Allame Makina","description":"Here you can find answers to the most curious questions about Allame Makina. Get detailed information about our products.","robots":{"index":"index","follow":"follow","max-snippet":"max-snippet:-1","max-image-preview":"max-image-preview:large","max-video-preview":"max-video-preview:-1"},"canonical":"https:\/\/allame.net\/en\/frequently-asked-questions\/","og_locale":"en_US","og_type":"article","og_title":"Frequently Asked Questions - Allame Makina","og_description":"Here you can find answers to the most curious questions about Allame Makina. Get detailed information about our products.","og_url":"https:\/\/allame.net\/en\/frequently-asked-questions\/","og_site_name":"Allame Makina","article_publisher":"https:\/\/www.facebook.com\/skyfibertech\/","article_modified_time":"2025-02-05T09:32:29+00:00","og_image":[{"width":1000,"height":1020,"url":"https:\/\/allame.net\/wp-content\/uploads\/2025\/01\/sikca-sorulan-sorular.webp","type":"image\/webp"}],"twitter_card":"summary_large_image","twitter_site":"@SkyFiberTech1","twitter_misc":{"Est. reading time":"3 minutes"},"schema":{"@context":"https:\/\/schema.org","@graph":[{"@type":"WebPage","@id":"https:\/\/allame.net\/en\/frequently-asked-questions\/","url":"https:\/\/allame.net\/en\/frequently-asked-questions\/","name":"Frequently Asked Questions - Allame Makina","isPartOf":{"@id":"https:\/\/allame.net\/en\/#website"},"primaryImageOfPage":{"@id":"https:\/\/allame.net\/en\/frequently-asked-questions\/#primaryimage"},"image":{"@id":"https:\/\/allame.net\/en\/frequently-asked-questions\/#primaryimage"},"thumbnailUrl":"https:\/\/allame.net\/wp-content\/uploads\/2025\/01\/sikca-sorulan-sorular.webp","datePublished":"2024-12-30T18:27:20+00:00","dateModified":"2025-02-05T09:32:29+00:00","description":"Here you can find answers to the most curious questions about Allame Makina. Get detailed information about our products.","breadcrumb":{"@id":"https:\/\/allame.net\/en\/frequently-asked-questions\/#breadcrumb"},"inLanguage":"en-US","potentialAction":[{"@type":"ReadAction","target":["https:\/\/allame.net\/en\/frequently-asked-questions\/"]}]},{"@type":"ImageObject","inLanguage":"en-US","@id":"https:\/\/allame.net\/en\/frequently-asked-questions\/#primaryimage","url":"https:\/\/allame.net\/wp-content\/uploads\/2025\/01\/sikca-sorulan-sorular.webp","contentUrl":"https:\/\/allame.net\/wp-content\/uploads\/2025\/01\/sikca-sorulan-sorular.webp","width":1000,"height":1020},{"@type":"BreadcrumbList","@id":"https:\/\/allame.net\/en\/frequently-asked-questions\/#breadcrumb","itemListElement":[{"@type":"ListItem","position":1,"name":"Home","item":"https:\/\/allame.net\/en\/"},{"@type":"ListItem","position":2,"name":"Frequently Asked Questions"}]},{"@type":"WebSite","@id":"https:\/\/allame.net\/en\/#website","url":"https:\/\/allame.net\/en\/","name":"Allame Makina","description":"Fiber optik kablo \u00fcfleme ve \u00e7ekme makinalar\u0131","publisher":{"@id":"https:\/\/allame.net\/en\/#organization"},"potentialAction":[{"@type":"SearchAction","target":{"@type":"EntryPoint","urlTemplate":"https:\/\/allame.net\/en\/?s={search_term_string}"},"query-input":{"@type":"PropertyValueSpecification","valueRequired":true,"valueName":"search_term_string"}}],"inLanguage":"en-US"},{"@type":"Organization","@id":"https:\/\/allame.net\/en\/#organization","name":"Allame Makina","url":"https:\/\/allame.net\/en\/","logo":{"@type":"ImageObject","inLanguage":"en-US","@id":"https:\/\/allame.net\/en\/#\/schema\/logo\/image\/","url":"https:\/\/allame.net\/wp-content\/uploads\/2019\/09\/Allame-logo-kucuk.png","contentUrl":"https:\/\/allame.net\/wp-content\/uploads\/2019\/09\/Allame-logo-kucuk.png","width":196,"height":71,"caption":"Allame Makina"},"image":{"@id":"https:\/\/allame.net\/en\/#\/schema\/logo\/image\/"},"sameAs":["https:\/\/www.facebook.com\/skyfibertech\/","https:\/\/x.com\/SkyFiberTech1","https:\/\/www.instagram.com\/allamemakina"]}]}},"_links":{"self":[{"href":"https:\/\/allame.net\/en\/wp-json\/wp\/v2\/pages\/10616","targetHints":{"allow":["GET"]}}],"collection":[{"href":"https:\/\/allame.net\/en\/wp-json\/wp\/v2\/pages"}],"about":[{"href":"https:\/\/allame.net\/en\/wp-json\/wp\/v2\/types\/page"}],"author":[{"embeddable":true,"href":"https:\/\/allame.net\/en\/wp-json\/wp\/v2\/users\/1"}],"replies":[{"embeddable":true,"href":"https:\/\/allame.net\/en\/wp-json\/wp\/v2\/comments?post=10616"}],"version-history":[{"count":0,"href":"https:\/\/allame.net\/en\/wp-json\/wp\/v2\/pages\/10616\/revisions"}],"wp:featuredmedia":[{"embeddable":true,"href":"https:\/\/allame.net\/en\/wp-json\/wp\/v2\/media\/9589"}],"wp:attachment":[{"href":"https:\/\/allame.net\/en\/wp-json\/wp\/v2\/media?parent=10616"}],"curies":[{"name":"wp","href":"https:\/\/api.w.org\/{rel}","templated":true}]}}